{"id":28,"date":"2026-03-23T18:01:14","date_gmt":"2026-03-23T18:01:14","guid":{"rendered":"http:\/\/dkaijas.cluster100.hosting.ovh.net\/?page_id=28"},"modified":"2026-03-25T20:57:33","modified_gmt":"2026-03-25T20:57:33","slug":"pour-qui","status":"publish","type":"page","link":"https:\/\/impulse-project.fr\/index.php\/pour-qui\/","title":{"rendered":"Une solution,plusieurs formats"},"content":{"rendered":"\n<figure class=\"wp-block-image size-full is-resized has-custom-border\"><img loading=\"lazy\" decoding=\"async\" width=\"512\" height=\"341\" src=\"http:\/\/dkaijas.cluster100.hosting.ovh.net\/wp-content\/uploads\/2026\/03\/exemple-image-Site.jpg\" alt=\"\" class=\"wp-image-59\" style=\"border-top-left-radius:10px;border-top-right-radius:10px;border-bottom-left-radius:10px;border-bottom-right-radius:10px;width:645px;height:auto\" srcset=\"https:\/\/impulse-project.fr\/wp-content\/uploads\/2026\/03\/exemple-image-Site.jpg 512w, https:\/\/impulse-project.fr\/wp-content\/uploads\/2026\/03\/exemple-image-Site-300x200.jpg 300w\" sizes=\"auto, (max-width: 512px) 100vw, 512px\" \/><\/figure>\n\n\n\n<div class=\"wp-block-group has-global-padding is-layout-constrained wp-block-group-is-layout-constrained\" style=\"padding-top:20px;padding-bottom:20px\">\n<h2 class=\"wp-block-heading\">\ud83c\udfaf Une solution immersive pour passer \u00e0 l\u2019action<\/h2>\n\n\n\n<p class=\"has-text-align-left\">Impulse Game est une exp\u00e9rience immersive con\u00e7ue pour faire vivre l\u2019entrepreneuriat de mani\u00e8re concr\u00e8te, engageante et accessible.<\/p>\n\n\n\n<p class=\"has-text-align-left\">L\u2019objectif : permettre aux participants de passer de l\u2019id\u00e9e \u00e0 l\u2019action, en exp\u00e9rimentant les r\u00e9alit\u00e9s du terrain.<br><\/p>\n\n\n\n<h2 class=\"wp-block-heading\">\ud83c\udfaf Une solution qui s\u2019int\u00e8gre \u00e0 vos dispositifs<\/h2>\n\n\n\n<p>Impulse Game ne se limite pas \u00e0 un simple atelier.<\/p>\n\n\n\n<p>Il s\u2019int\u00e8gre facilement dans diff\u00e9rents formats, en fonction de vos objectifs p\u00e9dagogiques et de votre public.<br><\/p>\n\n\n\n<h3 class=\"wp-block-heading\">\ud83d\udd39 Impulse Game peut \u00eatre propos\u00e9 sous plusieurs formats :<\/h3>\n\n\n\n<p><strong>Atelier ponctuel<\/strong><br>Une session immersive pour sensibiliser et engager rapidement les participants.<\/p>\n\n\n\n<p><strong>Programme p\u00e9dagogique<\/strong><br>Int\u00e9gr\u00e9 dans un parcours de formation pour renforcer l\u2019apprentissage par l\u2019exp\u00e9rience.<\/p>\n\n\n\n<p><strong>Parcours d\u2019accompagnement<\/strong><br>Une utilisation sur plusieurs sessions pour faire \u00e9voluer les projets et ancrer les apprentissages.<\/p>\n\n\n\n<p>\ud83d\udc49 Une solution flexible qui s\u2019adapte \u00e0 votre r\u00e9alit\u00e9 terrain.<br><\/p>\n\n\n\n<h2 class=\"wp-block-heading\">\ud83c\udfaf Pour qui est fait Impulse Game ?<\/h2>\n\n\n\n<p>Impulse Game s\u2019adresse aux structures qui accompagnent des publics dans leur r\u00e9flexion, leur orientation ou leur passage \u00e0 l\u2019action.<\/p>\n\n\n\n<p>\u2714 structures d\u2019accompagnement \u00e0 l\u2019entrepreneuriat<br>\u2714 organismes de formation<br>\u2714 missions locales et dispositifs d\u2019insertion<br>\u2714 associations<br>\u2714 \u00e9coles, universit\u00e9s et programmes p\u00e9dagogiques<\/p>\n\n\n\n<p>\ud83d\udc49 Si vous accompagnez des publics et souhaitez proposer une exp\u00e9rience concr\u00e8te et engageante, Impulse Game est fait pour vous.<br><\/p>\n\n\n\n<h2 class=\"wp-block-heading\">\ud83c\udfaf Ce que vivent les participants<\/h2>\n\n\n\n<p>Au cours de l\u2019exp\u00e9rience, les participants :<\/p>\n\n\n\n<p>\u2714 explorent une id\u00e9e de projet<br>\u2714 font face \u00e0 des contraintes et impr\u00e9vus<br>\u2714 prennent des d\u00e9cisions<br>\u2714 testent, ajustent et avancent<\/p>\n\n\n\n<p>\ud83d\udc49 Ils ne restent pas spectateurs. Ils deviennent acteurs.<br><\/p>\n\n\n\n<h2 class=\"wp-block-heading\">\ud83c\udfaf Les b\u00e9n\u00e9fices<\/h2>\n\n\n\n<p>Impulse Game permet :<\/p>\n\n\n\n<p>\u2714 de rendre l\u2019entrepreneuriat concret et accessible<br>\u2714 de stimuler l\u2019engagement des participants<br>\u2714 de favoriser le passage \u00e0 l\u2019action<br>\u2714 de d\u00e9clencher des prises de conscience rapides<br><\/p>\n\n\n\n<h2 class=\"wp-block-heading\">\ud83c\udfaf Des supports pour enrichir l\u2019exp\u00e9rience<\/h2>\n\n\n\n<p>Impulse Game s\u2019appuie sur des supports p\u00e9dagogiques con\u00e7us pour favoriser l\u2019interaction et la mise en situation.<\/p>\n\n\n\n<p>Cartes, d\u00e9fis, mises en contexte\u2026 chaque \u00e9l\u00e9ment est pens\u00e9 pour stimuler la r\u00e9flexion, encourager la prise de d\u00e9cision et rendre l\u2019exp\u00e9rience concr\u00e8te.<\/p>\n\n\n\n<p>\ud83d\udc49 L\u2019objectif : faire vivre l\u2019entrepreneuriat de mani\u00e8re ludique et engageante.<\/p>\n\n\n\n<h2 class=\"wp-block-heading\">\ud83c\udfaf Une solution cl\u00e9 en main<\/h2>\n\n\n\n<p>L\u2019atelier est con\u00e7u pour \u00eatre simple \u00e0 d\u00e9ployer :<\/p>\n\n\n\n<p>\u2714 mat\u00e9riel fourni<br>\u2714 animation structur\u00e9e<br>\u2714 exp\u00e9rience fluide et engageante<\/p>\n\n\n\n<p>\ud83d\udc49 Vous proposez une exp\u00e9rience qui marque r\u00e9ellement vos participants.<\/p>\n\n\n\n<h2 class=\"wp-block-heading\">\ud83c\udfaf Une tarification adapt\u00e9e \u00e0 vos besoins<\/h2>\n\n\n\n<p>Chaque intervention est construite sur mesure en fonction de votre contexte.<\/p>\n\n\n\n<p>Le tarif d\u00e9pend de plusieurs \u00e9l\u00e9ments :<\/p>\n\n\n\n<p>\u2714 dur\u00e9e de l\u2019atelier ou du parcours<br>\u2714 nombre de participants<br>\u2714 niveau d\u2019accompagnement souhait\u00e9<br>\u2714 adaptation p\u00e9dagogique sp\u00e9cifique<br><\/p>\n\n\n\n<p>L\u2019objectif : vous proposer une solution pertinente, efficace et adapt\u00e9e \u00e0 votre public.<br><\/p>\n\n\n\n<h2 class=\"wp-block-heading\">\ud83d\udcac Discutons de votre besoin<\/h2>\n\n\n\n<p>\u00c9changeons ensemble pour voir comment adapter Impulse Game \u00e0 votre structure.<\/p>\n\n\n\n<div class=\"wp-block-buttons is-layout-flex wp-block-buttons-is-layout-flex\">\n<div class=\"wp-block-button\"><a href=\"https:\/\/impulse-project.fr\/index.php\/contact\/\" class=\"wp-block-button__link has-background wp-element-button\" style=\"background-color:#ff8c42\">\u00c9changer sur votre besoin<\/a><\/div>\n<\/div>\n<\/div>\n","protected":false},"excerpt":{"rendered":"<p>\ud83c\udfaf Une solution immersive pour passer \u00e0 l\u2019action Impulse Game est une exp\u00e9rience immersive con\u00e7ue pour faire vivre l\u2019entrepreneuriat de mani\u00e8re concr\u00e8te, engageante et accessible. L\u2019objectif : permettre aux participants de passer de l\u2019id\u00e9e \u00e0 l\u2019action, en exp\u00e9rimentant les r\u00e9alit\u00e9s du terrain. \ud83c\udfaf Une solution qui s\u2019int\u00e8gre \u00e0 vos dispositifs Impulse Game ne se limite [&hellip;]<\/p>\n","protected":false},"author":1,"featured_media":0,"parent":0,"menu_order":0,"comment_status":"closed","ping_status":"closed","template":"","meta":{"footnotes":""},"class_list":["post-28","page","type-page","status-publish","hentry"],"_links":{"self":[{"href":"https:\/\/impulse-project.fr\/index.php\/wp-json\/wp\/v2\/pages\/28","targetHints":{"allow":["GET"]}}],"collection":[{"href":"https:\/\/impulse-project.fr\/index.php\/wp-json\/wp\/v2\/pages"}],"about":[{"href":"https:\/\/impulse-project.fr\/index.php\/wp-json\/wp\/v2\/types\/page"}],"author":[{"embeddable":true,"href":"https:\/\/impulse-project.fr\/index.php\/wp-json\/wp\/v2\/users\/1"}],"replies":[{"embeddable":true,"href":"https:\/\/impulse-project.fr\/index.php\/wp-json\/wp\/v2\/comments?post=28"}],"version-history":[{"count":10,"href":"https:\/\/impulse-project.fr\/index.php\/wp-json\/wp\/v2\/pages\/28\/revisions"}],"predecessor-version":[{"id":62,"href":"https:\/\/impulse-project.fr\/index.php\/wp-json\/wp\/v2\/pages\/28\/revisions\/62"}],"wp:attachment":[{"href":"https:\/\/impulse-project.fr\/index.php\/wp-json\/wp\/v2\/media?parent=28"}],"curies":[{"name":"wp","href":"https:\/\/api.w.org\/{rel}","templated":true}]}}