{"id":20,"date":"2026-03-23T09:59:30","date_gmt":"2026-03-23T09:59:30","guid":{"rendered":"http:\/\/dkaijas.cluster100.hosting.ovh.net\/?page_id=20"},"modified":"2026-03-25T13:00:29","modified_gmt":"2026-03-25T13:00:29","slug":"concept","status":"publish","type":"page","link":"https:\/\/impulse-project.fr\/index.php\/concept\/","title":{"rendered":"M\u00e9thode"},"content":{"rendered":"\n<h2 class=\"wp-block-heading has-large-font-size\">Apprendre l\u2019entrepreneuriat ne suffit pas. Il faut le vivre pour vraiment comprendre.<br><\/h2>\n\n\n\n<h3 class=\"wp-block-heading\">Impulse Game repose sur une approche immersive inspir\u00e9e des serious games.<\/h3>\n\n\n\n<p>Les participants ne sont pas spectateurs.<br>Ils sont plong\u00e9s dans des situations concr\u00e8tes o\u00f9 ils doivent :<\/p>\n\n\n\n<p>\u2714 r\u00e9fl\u00e9chir<br>\u2714 d\u00e9cider<br>\u2714 s\u2019adapter<\/p>\n\n\n\n<p>\ud83d\udc49 <strong>Comme de vrais entrepreneurs.<\/strong><br><\/p>\n\n\n\n<h3 class=\"wp-block-heading has-large-font-size\">Une exp\u00e9rience qui marque<br><\/h3>\n\n\n\n<p>On retient beaucoup mieux ce que l\u2019on vit que ce que l\u2019on \u00e9coute.<\/p>\n\n\n\n<p>C\u2019est pourquoi l\u2019exp\u00e9rience Impulse Game permet :<\/p>\n\n\n\n<p>\u2714 une compr\u00e9hension concr\u00e8te des enjeux<br>\u2714 un engagement fort des participants<br>\u2714 des prises de conscience rapides<br><\/p>\n\n\n\n<p class=\"has-text-color has-link-color wp-elements-5c1239c5fadee27160a0990939ff504a\" style=\"color:#ff7a00\"><strong>On ne forme pas. On fait vivre l\u2019exp\u00e9rience.<\/strong><br><\/p>\n","protected":false},"excerpt":{"rendered":"<p>Apprendre l\u2019entrepreneuriat ne suffit pas. Il faut le vivre pour vraiment comprendre. Impulse Game repose sur une approche immersive inspir\u00e9e des serious games. Les participants ne sont pas spectateurs.Ils sont plong\u00e9s dans des situations concr\u00e8tes o\u00f9 ils doivent : \u2714 r\u00e9fl\u00e9chir\u2714 d\u00e9cider\u2714 s\u2019adapter \ud83d\udc49 Comme de vrais entrepreneurs. Une exp\u00e9rience qui marque On retient beaucoup [&hellip;]<\/p>\n","protected":false},"author":1,"featured_media":0,"parent":0,"menu_order":0,"comment_status":"closed","ping_status":"closed","template":"","meta":{"footnotes":""},"class_list":["post-20","page","type-page","status-publish","hentry"],"_links":{"self":[{"href":"https:\/\/impulse-project.fr\/index.php\/wp-json\/wp\/v2\/pages\/20","targetHints":{"allow":["GET"]}}],"collection":[{"href":"https:\/\/impulse-project.fr\/index.php\/wp-json\/wp\/v2\/pages"}],"about":[{"href":"https:\/\/impulse-project.fr\/index.php\/wp-json\/wp\/v2\/types\/page"}],"author":[{"embeddable":true,"href":"https:\/\/impulse-project.fr\/index.php\/wp-json\/wp\/v2\/users\/1"}],"replies":[{"embeddable":true,"href":"https:\/\/impulse-project.fr\/index.php\/wp-json\/wp\/v2\/comments?post=20"}],"version-history":[{"count":7,"href":"https:\/\/impulse-project.fr\/index.php\/wp-json\/wp\/v2\/pages\/20\/revisions"}],"predecessor-version":[{"id":51,"href":"https:\/\/impulse-project.fr\/index.php\/wp-json\/wp\/v2\/pages\/20\/revisions\/51"}],"wp:attachment":[{"href":"https:\/\/impulse-project.fr\/index.php\/wp-json\/wp\/v2\/media?parent=20"}],"curies":[{"name":"wp","href":"https:\/\/api.w.org\/{rel}","templated":true}]}}