{"id":10,"date":"2026-03-22T13:50:06","date_gmt":"2026-03-22T13:50:06","guid":{"rendered":"http:\/\/dkaijas.cluster100.hosting.ovh.net\/?page_id=10"},"modified":"2026-03-25T12:01:54","modified_gmt":"2026-03-25T12:01:54","slug":"accueil","status":"publish","type":"page","link":"https:\/\/impulse-project.fr\/","title":{"rendered":""},"content":{"rendered":"\n<div class=\"wp-block-cover is-light\"><img loading=\"lazy\" decoding=\"async\" width=\"1024\" height=\"670\" class=\"wp-block-cover__image-background wp-image-19 size-large\" alt=\"\" src=\"http:\/\/dkaijas.cluster100.hosting.ovh.net\/wp-content\/uploads\/2026\/03\/Site-2-3-1024x670.webp\" data-object-fit=\"cover\" srcset=\"https:\/\/impulse-project.fr\/wp-content\/uploads\/2026\/03\/Site-2-3-1024x670.webp 1024w, https:\/\/impulse-project.fr\/wp-content\/uploads\/2026\/03\/Site-2-3-300x196.webp 300w, https:\/\/impulse-project.fr\/wp-content\/uploads\/2026\/03\/Site-2-3-768x503.webp 768w, https:\/\/impulse-project.fr\/wp-content\/uploads\/2026\/03\/Site-2-3-1536x1005.webp 1536w, https:\/\/impulse-project.fr\/wp-content\/uploads\/2026\/03\/Site-2-3-2048x1340.webp 2048w\" sizes=\"auto, (max-width: 1024px) 100vw, 1024px\" \/><span aria-hidden=\"true\" class=\"wp-block-cover__background has-background-dim-70 has-background-dim\" style=\"background-color:#cdc0b7\"><\/span><div class=\"wp-block-cover__inner-container has-global-padding is-layout-constrained wp-block-cover-is-layout-constrained\">\n<p class=\"has-text-align-center has-base-color has-text-color has-link-color has-large-font-size wp-elements-fc2604a30d1decc91046118c5ccc3cbe\">Transformez vos publics en entrepreneurs.<br>Impulse Game est un serious game entrepreneurial immersif d\u00e9velopp\u00e9 par Impulse Project.<\/p>\n<\/div><\/div>\n\n\n\n<div class=\"wp-block-group has-global-padding is-layout-constrained wp-block-group-is-layout-constrained\">\n<div class=\"wp-block-group has-global-padding is-layout-constrained wp-block-group-is-layout-constrained\">\n<div class=\"wp-block-group has-background has-global-padding is-layout-constrained wp-block-group-is-layout-constrained\" style=\"background-color:#f8f8f8\">\n<div class=\"wp-block-group alignfull has-base-background-color has-background has-global-padding is-layout-constrained wp-container-core-group-is-layout-ef26f722 wp-block-group-is-layout-constrained\" style=\"border-style:none;border-width:0px;border-top-left-radius:10px;border-top-right-radius:10px;border-bottom-left-radius:10px;border-bottom-right-radius:10px;margin-top:40px;margin-bottom:40px;padding-top:40px;padding-right:var(--wp--preset--spacing--40);padding-bottom:40px;padding-left:var(--wp--preset--spacing--40)\">\n<h2 class=\"wp-block-heading has-text-align-left\">Et si vous viviez l\u2019entrepreneuriat au lieu d\u2019en entendre parler ?<\/h2>\n\n\n\n<p>Impulse Game est une exp\u00e9rience immersive qui plonge les participants dans la r\u00e9alit\u00e9 d\u2019un entrepreneur.<\/p>\n\n\n\n<p class=\"has-text-align-left\">Ils explorent une id\u00e9e, font face \u00e0 des obstacles, prennent des d\u00e9cisions\u2026 et construisent les premi\u00e8res bases de leur projet.<br><\/p>\n\n\n\n<p class=\"has-text-align-left\">Pas de th\u00e9orie inutile.<br><br>Pas de blabla.<\/p>\n\n\n\n<p class=\"has-text-align-left\">Place \u00e0 l\u2019action, au concret et aux prises de conscience.<br><\/p>\n\n\n\n<p>Envie de dynamiser vos formations ?<\/p>\n\n\n\n<p>Proposez une exp\u00e9rience qui marque vraiment vos participants.<br><\/p>\n\n\n\n<div class=\"wp-block-buttons is-layout-flex wp-block-buttons-is-layout-flex\">\n<div class=\"wp-block-button\"><a href=\"https:\/\/impulse-project.fr\/index.php\/contact\/\" class=\"wp-block-button__link has-background wp-element-button\" style=\"background-color:#ff8c42\">Demander une d\u00e9mo<\/a><\/div>\n<\/div>\n<\/div>\n<\/div>\n<\/div>\n<\/div>\n","protected":false},"excerpt":{"rendered":"<p>Et si vous viviez l\u2019entrepreneuriat au lieu d\u2019en entendre parler ? Impulse Game est une exp\u00e9rience immersive qui plonge les participants dans la r\u00e9alit\u00e9 d\u2019un entrepreneur. Ils explorent une id\u00e9e, font face \u00e0 des obstacles, prennent des d\u00e9cisions\u2026 et construisent les premi\u00e8res bases de leur projet. Pas de th\u00e9orie inutile. Pas de blabla. Place \u00e0 [&hellip;]<\/p>\n","protected":false},"author":1,"featured_media":0,"parent":0,"menu_order":0,"comment_status":"closed","ping_status":"closed","template":"","meta":{"footnotes":""},"class_list":["post-10","page","type-page","status-publish","hentry"],"_links":{"self":[{"href":"https:\/\/impulse-project.fr\/index.php\/wp-json\/wp\/v2\/pages\/10","targetHints":{"allow":["GET"]}}],"collection":[{"href":"https:\/\/impulse-project.fr\/index.php\/wp-json\/wp\/v2\/pages"}],"about":[{"href":"https:\/\/impulse-project.fr\/index.php\/wp-json\/wp\/v2\/types\/page"}],"author":[{"embeddable":true,"href":"https:\/\/impulse-project.fr\/index.php\/wp-json\/wp\/v2\/users\/1"}],"replies":[{"embeddable":true,"href":"https:\/\/impulse-project.fr\/index.php\/wp-json\/wp\/v2\/comments?post=10"}],"version-history":[{"count":16,"href":"https:\/\/impulse-project.fr\/index.php\/wp-json\/wp\/v2\/pages\/10\/revisions"}],"predecessor-version":[{"id":47,"href":"https:\/\/impulse-project.fr\/index.php\/wp-json\/wp\/v2\/pages\/10\/revisions\/47"}],"wp:attachment":[{"href":"https:\/\/impulse-project.fr\/index.php\/wp-json\/wp\/v2\/media?parent=10"}],"curies":[{"name":"wp","href":"https:\/\/api.w.org\/{rel}","templated":true}]}}